{"id":2082,"date":"2025-12-01T07:24:57","date_gmt":"2025-12-01T07:24:57","guid":{"rendered":"https:\/\/adentturkey.com\/tr\/?page_id=2082"},"modified":"2026-01-16T21:12:20","modified_gmt":"2026-01-16T21:12:20","slug":"invisalign","status":"publish","type":"page","link":"https:\/\/adentturkey.com\/tr\/treatments\/invisalign\/","title":{"rendered":"\u015eeffaf Plak"},"content":{"rendered":"<p><div class=\"fusion-fullwidth fullwidth-box fusion-builder-row-1 fusion-flex-container nonhundred-percent-fullwidth non-hundred-percent-height-scrolling\" style=\"--awb-border-radius-top-left:0px;--awb-border-radius-top-right:0px;--awb-border-radius-bottom-right:0px;--awb-border-radius-bottom-left:0px;--awb-padding-top:0px;--awb-margin-bottom:2%;--awb-flex-wrap:wrap;\" ><div class=\"fusion-builder-row fusion-row fusion-flex-align-items-center fusion-flex-content-wrap\" style=\"max-width:1404px;margin-left: calc(-4% \/ 2 );margin-right: calc(-4% \/ 2 );\"><div class=\"fusion-layout-column fusion_builder_column fusion-builder-column-0 fusion_builder_column_1_3 1_3 fusion-flex-column fusion-animated\" style=\"--awb-padding-left:0%;--awb-bg-size:cover;--awb-width-large:33.333333333333%;--awb-margin-top-large:0px;--awb-spacing-right-large:2.592%;--awb-margin-bottom-large:0px;--awb-spacing-left-large:5.76%;--awb-width-medium:100%;--awb-spacing-right-medium:1.92%;--awb-spacing-left-medium:1.92%;--awb-width-small:100%;--awb-order-small:0;--awb-spacing-right-small:1.92%;--awb-spacing-left-small:1.92%;\" data-animationType=\"fadeInUp\" data-animationDuration=\"1.0\" data-animationOffset=\"top-into-view\"><div class=\"fusion-column-wrapper fusion-column-has-shadow fusion-flex-justify-content-flex-start fusion-content-layout-column\"><div class=\"fusion-image-element \" style=\"--awb-liftup-border-radius:0px;--awb-caption-title-font-family:var(--h2_typography-font-family);--awb-caption-title-font-weight:var(--h2_typography-font-weight);--awb-caption-title-font-style:var(--h2_typography-font-style);--awb-caption-title-size:var(--h2_typography-font-size);--awb-caption-title-transform:var(--h2_typography-text-transform);--awb-caption-title-line-height:var(--h2_typography-line-height);--awb-caption-title-letter-spacing:var(--h2_typography-letter-spacing);\"><div class=\"awb-image-frame awb-image-frame-1 imageframe-liftup\"><span class=\" fusion-imageframe imageframe-none imageframe-1\"><a class=\"fusion-no-lightbox\" href=\"https:\/\/adentturkey.com\/tr\/projects\/crazyplay-new-music-video\/\" target=\"_self\" aria-label=\"Invisalign-2-\"><img decoding=\"async\" width=\"500\" height=\"500\" src=\"https:\/\/adentturkey.com\/tr\/wp-content\/uploads\/2025\/11\/Invisalign-2-.jpg\" data-orig-src=\"https:\/\/adentturkey.com\/tr\/wp-content\/uploads\/2025\/11\/Invisalign-2-.jpg\" alt class=\"lazyload img-responsive wp-image-1877\" srcset=\"data:image\/svg+xml,%3Csvg%20xmlns%3D%27http%3A%2F%2Fwww.w3.org%2F2000%2Fsvg%27%20width%3D%27500%27%20height%3D%27500%27%20viewBox%3D%270%200%20500%20500%27%3E%3Crect%20width%3D%27500%27%20height%3D%27500%27%20fill-opacity%3D%220%22%2F%3E%3C%2Fsvg%3E\" data-srcset=\"https:\/\/adentturkey.com\/tr\/wp-content\/uploads\/2025\/11\/Invisalign-2--200x200.jpg 200w, https:\/\/adentturkey.com\/tr\/wp-content\/uploads\/2025\/11\/Invisalign-2--400x400.jpg 400w, https:\/\/adentturkey.com\/tr\/wp-content\/uploads\/2025\/11\/Invisalign-2-.jpg 500w\" data-sizes=\"auto\" data-orig-sizes=\"(max-width: 900px) 100vw, (max-width: 640px) 100vw, 500px\" \/><\/a><\/span><\/div><\/div><div class=\"fusion-separator fusion-no-medium-visibility fusion-no-large-visibility fusion-full-width-sep\" style=\"align-self: center;margin-left: auto;margin-right: auto;margin-bottom:4%;width:100%;\"><\/div><div class=\"fusion-separator fusion-no-large-visibility fusion-full-width-sep\" style=\"align-self: center;margin-left: auto;margin-right: auto;margin-bottom:7%;width:100%;\"><\/div><\/div><\/div><div class=\"fusion-layout-column fusion_builder_column fusion-builder-column-1 fusion_builder_column_2_3 2_3 fusion-flex-column fusion-animated\" style=\"--awb-bg-size:cover;--awb-width-large:66.666666666667%;--awb-margin-top-large:0px;--awb-spacing-right-large:2.88%;--awb-margin-bottom-large:20px;--awb-spacing-left-large:4.464%;--awb-width-medium:100%;--awb-spacing-right-medium:1.92%;--awb-spacing-left-medium:5.76%;--awb-width-small:100%;--awb-spacing-right-small:1.92%;--awb-margin-bottom-small:30px;--awb-spacing-left-small:1.92%;\" data-animationType=\"fadeInRight\" data-animationDuration=\"1.0\" data-animationOffset=\"top-into-view\"><div class=\"fusion-column-wrapper fusion-column-has-shadow fusion-flex-justify-content-flex-start fusion-content-layout-column\"><div class=\"fusion-title title fusion-title-1 fusion-sep-none fusion-title-text fusion-title-size-two\" style=\"--awb-text-color:var(--awb-color5);--awb-margin-bottom:1em;--awb-font-size:3em;\"><h2 class=\"fusion-title-heading title-heading-left fusion-responsive-typography-calculated\" style=\"margin:0;font-size:1em;--fontSize:54;line-height:var(--awb-typography1-line-height);\">\u015eeffak Plak<\/h2><\/div><div class=\"fusion-title title fusion-title-2 fusion-sep-none fusion-title-text fusion-title-size-three\" style=\"--awb-font-size:20px;\"><h3 class=\"fusion-title-heading title-heading-left fusion-responsive-typography-calculated\" style=\"margin:0;font-size:1em;--fontSize:20;line-height:1.35;\">Ortodontik tedavi, \u015feffaf plaklar olan Invisalign kullan\u0131larak yap\u0131l\u0131r. Invisalign, geleneksel metal tellerin aksine, ki\u015fiye \u00f6zel olarak \u00fcretilmi\u015f \u015feffaf plastik plaklar kullanarak di\u015flerinizi nazik\u00e7e istenen konuma getirir.<\/h3><\/div><\/div><\/div><\/div><\/div><div class=\"fusion-fullwidth fullwidth-box fusion-builder-row-2 fusion-flex-container nonhundred-percent-fullwidth non-hundred-percent-height-scrolling\" style=\"--awb-border-radius-top-left:0px;--awb-border-radius-top-right:0px;--awb-border-radius-bottom-right:0px;--awb-border-radius-bottom-left:0px;--awb-padding-top:0px;--awb-margin-bottom:3%;--awb-flex-wrap:wrap;\" ><div class=\"fusion-builder-row fusion-row fusion-flex-align-items-center fusion-flex-content-wrap\" style=\"max-width:1404px;margin-left: calc(-4% \/ 2 );margin-right: calc(-4% \/ 2 );\"><div class=\"fusion-layout-column fusion_builder_column fusion-builder-column-2 fusion_builder_column_1_1 1_1 fusion-flex-column fusion-animated\" style=\"--awb-bg-size:cover;--awb-width-large:100%;--awb-margin-top-large:0px;--awb-spacing-right-large:1.92%;--awb-margin-bottom-large:20px;--awb-spacing-left-large:2.976%;--awb-width-medium:100%;--awb-spacing-right-medium:1.92%;--awb-spacing-left-medium:5.76%;--awb-width-small:100%;--awb-spacing-right-small:1.92%;--awb-margin-bottom-small:30px;--awb-spacing-left-small:1.92%;\" data-animationType=\"fadeInRight\" data-animationDuration=\"1.0\" data-animationOffset=\"top-into-view\"><div class=\"fusion-column-wrapper fusion-column-has-shadow fusion-flex-justify-content-flex-start fusion-content-layout-column\"><div class=\"fusion-title title fusion-title-3 fusion-sep-none fusion-title-text fusion-title-size-three\" style=\"--awb-font-size:20px;\"><h3 class=\"fusion-title-heading title-heading-left fusion-responsive-typography-calculated\" style=\"margin:0;font-size:1em;--fontSize:20;line-height:1.35;\">Invisalign&#8217;\u0131n \u00d6nemli \u00d6zellikleri: \u015eeffaf plastik bir maddeden yap\u0131ld\u0131\u011f\u0131 i\u00e7in geleneksel telli ortodontiden daha az fark edilir. Di\u015flerinizi temizlemek, i\u00e7mek ve yemek yemek i\u00e7in plaklar\u0131 \u00e7\u0131kararak kolay a\u011f\u0131z hijyeni sa\u011flayabilirsiniz. Daha az a\u011fr\u0131 ve tahri\u015fle, Invisalign plaklar\u0131 genellikle metal telli ortodontiden daha rahatt\u0131r. Bir sonraki plak \u00e7iftine ge\u00e7eceksiniz.<\/h3><\/div><\/div><\/div><\/div><\/div><div class=\"fusion-fullwidth fullwidth-box fusion-builder-row-3 fusion-flex-container nonhundred-percent-fullwidth non-hundred-percent-height-scrolling\" style=\"--awb-border-radius-top-left:0px;--awb-border-radius-top-right:0px;--awb-border-radius-bottom-right:0px;--awb-border-radius-bottom-left:0px;--awb-padding-top:0px;--awb-margin-bottom:3%;--awb-flex-wrap:wrap;\" ><div class=\"fusion-builder-row fusion-row fusion-flex-align-items-center fusion-flex-content-wrap\" style=\"max-width:1404px;margin-left: calc(-4% \/ 2 );margin-right: calc(-4% \/ 2 );\"><div class=\"fusion-layout-column fusion_builder_column fusion-builder-column-3 fusion_builder_column_1_1 1_1 fusion-flex-column fusion-animated\" style=\"--awb-bg-size:cover;--awb-width-large:100%;--awb-margin-top-large:0px;--awb-spacing-right-large:1.92%;--awb-margin-bottom-large:20px;--awb-spacing-left-large:2.976%;--awb-width-medium:100%;--awb-spacing-right-medium:1.92%;--awb-spacing-left-medium:5.76%;--awb-width-small:100%;--awb-spacing-right-small:1.92%;--awb-margin-bottom-small:30px;--awb-spacing-left-small:1.92%;\" data-animationType=\"fadeInRight\" data-animationDuration=\"1.0\" data-animationOffset=\"top-into-view\"><div class=\"fusion-column-wrapper fusion-column-has-shadow fusion-flex-justify-content-flex-start fusion-content-layout-column\"><div class=\"fusion-title title fusion-title-4 fusion-sep-none fusion-title-text fusion-title-size-three\" style=\"--awb-font-size:20px;\"><h3 class=\"fusion-title-heading title-heading-left fusion-responsive-typography-calculated\" style=\"margin:0;font-size:1em;--fontSize:20;line-height:1.35;\"><p>Invisalign nas\u0131l \u00e7al\u0131\u015f\u0131r? Bir di\u015f hekimi veya ortodontist, Invisalign&#8217;\u0131n sizin i\u00e7in uygun bir aday olup olmad\u0131\u011f\u0131n\u0131 belirlemek i\u00e7in di\u015flerinizi ve \u00e7enenizi de\u011ferlendirecektir. Di\u015flerinizin foto\u011fraflar\u0131 \u00e7ekilerek bilgisayar ortam\u0131nda bir model olu\u015fturulacakt\u0131r. Ortodontistiniz, \u00f6ng\u00f6r\u00fclen tedavi s\u00fcresi ve gerekli plak say\u0131s\u0131 da dahil olmak \u00fczere ki\u015fiselle\u015ftirilmi\u015f bir tedavi plan\u0131 olu\u015fturacakt\u0131r. Plaklar: Tedavi plan\u0131n\u0131z, bir dizi \u015feffaf plak \u00fcretimine rehberlik edecektir. Her bir plak \u00e7iftini belirli bir s\u00fcre boyunca (genellikle bir ila iki hafta) takacaks\u0131n\u0131z. Di\u015fleriniz hareket edecek ve siz de&#8230;<\/p>\n<p>Invisalign&#8217;\u0131n Faydalar\u0131: Daha gizli bir ortodontik tedavi arayan yeti\u015fkinler ve gen\u00e7ler aras\u0131nda pop\u00fcler olan Invisalign&#8217;\u0131n \u015feffaf plaklar\u0131, standart tellere g\u00f6re daha az dikkat \u00e7ekicidir. Daha az a\u011fr\u0131 ve tahri\u015fle, Invisalign plaklar\u0131 genellikle metal tellere g\u00f6re daha rahatt\u0131r. Kolayl\u0131k: \u00c7\u0131kar\u0131labilir plaklar, yemek yemenize, i\u00e7menize ve di\u015flerinizi normal \u015fekilde y\u0131kaman\u0131za olanak tan\u0131r. Daha k\u0131sa tedavi s\u00fcresi: Baz\u0131 durumlarda Invisalign, standart tellere g\u00f6re daha k\u0131sa s\u00fcrede tamamlanabilir. Invisalign&#8217;\u0131n s\u0131n\u0131rlamalar\u0131 \u015funlard\u0131r:<\/p>\n<p>Her vaka i\u00e7in uygun de\u011fildir: Invisalign, zorlu ortodontik sorunlar i\u00e7in uygun olmayabilir.<\/p>\n<p>Uyumluluk: En iyi sonu\u00e7lar\u0131 almak i\u00e7in, \u00f6nerilen plak takma y\u00f6nergelerine uyun.<\/p>\n<p>Maliyet: Genel olarak, Invisalign tedavisi geleneksel tel tedavisine g\u00f6re daha pahal\u0131d\u0131r.<\/p>\n<ul>\n<\/ul><\/h3><\/div><\/div><\/div><\/div><\/div><\/p>\n","protected":false},"excerpt":{"rendered":"","protected":false},"author":1,"featured_media":0,"parent":2048,"menu_order":0,"comment_status":"closed","ping_status":"closed","template":"100-width.php","meta":{"footnotes":""},"class_list":["post-2082","page","type-page","status-publish","hentry"],"_links":{"self":[{"href":"https:\/\/adentturkey.com\/tr\/wp-json\/wp\/v2\/pages\/2082","targetHints":{"allow":["GET"]}}],"collection":[{"href":"https:\/\/adentturkey.com\/tr\/wp-json\/wp\/v2\/pages"}],"about":[{"href":"https:\/\/adentturkey.com\/tr\/wp-json\/wp\/v2\/types\/page"}],"author":[{"embeddable":true,"href":"https:\/\/adentturkey.com\/tr\/wp-json\/wp\/v2\/users\/1"}],"replies":[{"embeddable":true,"href":"https:\/\/adentturkey.com\/tr\/wp-json\/wp\/v2\/comments?post=2082"}],"version-history":[{"count":2,"href":"https:\/\/adentturkey.com\/tr\/wp-json\/wp\/v2\/pages\/2082\/revisions"}],"predecessor-version":[{"id":2160,"href":"https:\/\/adentturkey.com\/tr\/wp-json\/wp\/v2\/pages\/2082\/revisions\/2160"}],"up":[{"embeddable":true,"href":"https:\/\/adentturkey.com\/tr\/wp-json\/wp\/v2\/pages\/2048"}],"wp:attachment":[{"href":"https:\/\/adentturkey.com\/tr\/wp-json\/wp\/v2\/media?parent=2082"}],"curies":[{"name":"wp","href":"https:\/\/api.w.org\/{rel}","templated":true}]}}