{"id":2074,"date":"2025-12-01T07:09:46","date_gmt":"2025-12-01T07:09:46","guid":{"rendered":"https:\/\/adentturkey.com\/tr\/?page_id=2074"},"modified":"2026-01-16T21:12:11","modified_gmt":"2026-01-16T21:12:11","slug":"e-max-veneers","status":"publish","type":"page","link":"https:\/\/adentturkey.com\/tr\/treatments\/e-max-veneers\/","title":{"rendered":"E-Max Kaplama"},"content":{"rendered":"<p><div class=\"fusion-fullwidth fullwidth-box fusion-builder-row-1 fusion-flex-container nonhundred-percent-fullwidth non-hundred-percent-height-scrolling\" style=\"--awb-border-radius-top-left:0px;--awb-border-radius-top-right:0px;--awb-border-radius-bottom-right:0px;--awb-border-radius-bottom-left:0px;--awb-padding-top:0px;--awb-margin-bottom:2%;--awb-flex-wrap:wrap;\" ><div class=\"fusion-builder-row fusion-row fusion-flex-align-items-center fusion-flex-content-wrap\" style=\"max-width:1404px;margin-left: calc(-4% \/ 2 );margin-right: calc(-4% \/ 2 );\"><div class=\"fusion-layout-column fusion_builder_column fusion-builder-column-0 fusion_builder_column_1_3 1_3 fusion-flex-column fusion-animated\" style=\"--awb-padding-left:0%;--awb-bg-size:cover;--awb-width-large:33.333333333333%;--awb-margin-top-large:0px;--awb-spacing-right-large:2.592%;--awb-margin-bottom-large:0px;--awb-spacing-left-large:5.76%;--awb-width-medium:100%;--awb-spacing-right-medium:1.92%;--awb-spacing-left-medium:1.92%;--awb-width-small:100%;--awb-order-small:0;--awb-spacing-right-small:1.92%;--awb-spacing-left-small:1.92%;\" data-animationType=\"fadeInUp\" data-animationDuration=\"1.0\" data-animationOffset=\"top-into-view\"><div class=\"fusion-column-wrapper fusion-column-has-shadow fusion-flex-justify-content-flex-start fusion-content-layout-column\"><div class=\"fusion-image-element \" style=\"--awb-liftup-border-radius:0px;--awb-caption-title-font-family:var(--h2_typography-font-family);--awb-caption-title-font-weight:var(--h2_typography-font-weight);--awb-caption-title-font-style:var(--h2_typography-font-style);--awb-caption-title-size:var(--h2_typography-font-size);--awb-caption-title-transform:var(--h2_typography-text-transform);--awb-caption-title-line-height:var(--h2_typography-line-height);--awb-caption-title-letter-spacing:var(--h2_typography-letter-spacing);\"><div class=\"awb-image-frame awb-image-frame-1 imageframe-liftup\"><span class=\" fusion-imageframe imageframe-none imageframe-1\"><a class=\"fusion-no-lightbox\" href=\"https:\/\/adentturkey.com\/tr\/projects\/crazyplay-new-music-video\/\" target=\"_self\" aria-label=\"dental-veneers-a-dent\"><img decoding=\"async\" width=\"500\" height=\"500\" src=\"https:\/\/adentturkey.com\/tr\/wp-content\/uploads\/2025\/11\/dental-veneers-a-dent.jpg\" data-orig-src=\"https:\/\/adentturkey.com\/tr\/wp-content\/uploads\/2025\/11\/dental-veneers-a-dent.jpg\" alt class=\"lazyload img-responsive wp-image-1874\" srcset=\"data:image\/svg+xml,%3Csvg%20xmlns%3D%27http%3A%2F%2Fwww.w3.org%2F2000%2Fsvg%27%20width%3D%27500%27%20height%3D%27500%27%20viewBox%3D%270%200%20500%20500%27%3E%3Crect%20width%3D%27500%27%20height%3D%27500%27%20fill-opacity%3D%220%22%2F%3E%3C%2Fsvg%3E\" data-srcset=\"https:\/\/adentturkey.com\/tr\/wp-content\/uploads\/2025\/11\/dental-veneers-a-dent-200x200.jpg 200w, https:\/\/adentturkey.com\/tr\/wp-content\/uploads\/2025\/11\/dental-veneers-a-dent-400x400.jpg 400w, https:\/\/adentturkey.com\/tr\/wp-content\/uploads\/2025\/11\/dental-veneers-a-dent.jpg 500w\" data-sizes=\"auto\" data-orig-sizes=\"(max-width: 900px) 100vw, (max-width: 640px) 100vw, 500px\" \/><\/a><\/span><\/div><\/div><div class=\"fusion-separator fusion-no-medium-visibility fusion-no-large-visibility fusion-full-width-sep\" style=\"align-self: center;margin-left: auto;margin-right: auto;margin-bottom:4%;width:100%;\"><\/div><div class=\"fusion-separator fusion-no-large-visibility fusion-full-width-sep\" style=\"align-self: center;margin-left: auto;margin-right: auto;margin-bottom:7%;width:100%;\"><\/div><\/div><\/div><div class=\"fusion-layout-column fusion_builder_column fusion-builder-column-1 fusion_builder_column_2_3 2_3 fusion-flex-column fusion-animated\" style=\"--awb-bg-size:cover;--awb-width-large:66.666666666667%;--awb-margin-top-large:0px;--awb-spacing-right-large:2.88%;--awb-margin-bottom-large:20px;--awb-spacing-left-large:4.464%;--awb-width-medium:100%;--awb-spacing-right-medium:1.92%;--awb-spacing-left-medium:5.76%;--awb-width-small:100%;--awb-spacing-right-small:1.92%;--awb-margin-bottom-small:30px;--awb-spacing-left-small:1.92%;\" data-animationType=\"fadeInRight\" data-animationDuration=\"1.0\" data-animationOffset=\"top-into-view\"><div class=\"fusion-column-wrapper fusion-column-has-shadow fusion-flex-justify-content-flex-start fusion-content-layout-column\"><div class=\"fusion-title title fusion-title-1 fusion-sep-none fusion-title-text fusion-title-size-two\" style=\"--awb-text-color:var(--awb-color5);--awb-margin-bottom:1em;--awb-font-size:3em;\"><h2 class=\"fusion-title-heading title-heading-left fusion-responsive-typography-calculated\" style=\"margin:0;font-size:1em;--fontSize:54;line-height:var(--awb-typography1-line-height);\">E-Max Lamine Kaplama<\/h2><\/div><div class=\"fusion-title title fusion-title-2 fusion-sep-none fusion-title-text fusion-title-size-three\" style=\"--awb-font-size:20px;\"><h3 class=\"fusion-title-heading title-heading-left fusion-responsive-typography-calculated\" style=\"margin:0;font-size:1em;--fontSize:20;line-height:1.35;\">Emax Lamine Kaplamalar ince olup, di\u015fin \u00f6n y\u00fczeyinden yakla\u015f\u0131k 0,5 mm (do\u011fal di\u015f dokusunun %10-12&#8217;si) kal\u0131nl\u0131\u011f\u0131nda bireysel olarak haz\u0131rlan\u0131r ve di\u015fin \u00f6n y\u00fczeyine yap\u0131\u015ft\u0131r\u0131larak do\u011fal g\u00f6r\u00fcn\u00fcml\u00fc ve dayan\u0131kl\u0131 bir \u00e7\u00f6z\u00fcm elde edilir. Emax Tam Kaplamalar ise ta\u00e7 olarak da bilinir ve do\u011fal di\u015fin her taraf\u0131ndan yakla\u015f\u0131k %32-33 oran\u0131nda bireysel olarak haz\u0131rlan\u0131r ve di\u015fin tamam\u0131n\u0131 kaplayarak do\u011fal g\u00f6r\u00fcn\u00fcml\u00fc ve dayan\u0131kl\u0131 bir \u00e7\u00f6z\u00fcm elde edilir.<\/h3><\/div><\/div><\/div><\/div><\/div><div class=\"fusion-fullwidth fullwidth-box fusion-builder-row-2 fusion-flex-container nonhundred-percent-fullwidth non-hundred-percent-height-scrolling\" style=\"--awb-border-radius-top-left:0px;--awb-border-radius-top-right:0px;--awb-border-radius-bottom-right:0px;--awb-border-radius-bottom-left:0px;--awb-padding-top:0px;--awb-margin-bottom:3%;--awb-flex-wrap:wrap;\" ><div class=\"fusion-builder-row fusion-row fusion-flex-align-items-center fusion-flex-content-wrap\" style=\"max-width:1404px;margin-left: calc(-4% \/ 2 );margin-right: calc(-4% \/ 2 );\"><div class=\"fusion-layout-column fusion_builder_column fusion-builder-column-2 fusion_builder_column_1_1 1_1 fusion-flex-column fusion-animated\" style=\"--awb-bg-size:cover;--awb-width-large:100%;--awb-margin-top-large:0px;--awb-spacing-right-large:1.92%;--awb-margin-bottom-large:20px;--awb-spacing-left-large:2.976%;--awb-width-medium:100%;--awb-spacing-right-medium:1.92%;--awb-spacing-left-medium:5.76%;--awb-width-small:100%;--awb-spacing-right-small:1.92%;--awb-margin-bottom-small:30px;--awb-spacing-left-small:1.92%;\" data-animationType=\"fadeInRight\" data-animationDuration=\"1.0\" data-animationOffset=\"top-into-view\"><div class=\"fusion-column-wrapper fusion-column-has-shadow fusion-flex-justify-content-flex-start fusion-content-layout-column\"><div class=\"fusion-title title fusion-title-3 fusion-sep-none fusion-title-text fusion-title-size-three\" style=\"--awb-font-size:20px;\"><h3 class=\"fusion-title-heading title-heading-left fusion-responsive-typography-calculated\" style=\"margin:0;font-size:1em;--fontSize:20;line-height:1.35;\">E-max kaplamalar, modern di\u015f hekimli\u011fi uygulamalar\u0131nda estetik ve i\u015flevselli\u011fi m\u00fckemmel bir \u015fekilde birle\u015ftiren \u00f6zel bir seramik t\u00fcr\u00fcd\u00fcr. Bu yenilik\u00e7i di\u015f restorasyon \u00e7\u00f6z\u00fcm\u00fc, hastalara ger\u00e7ek\u00e7i ve do\u011fal g\u00f6r\u00fcn\u00fcml\u00fc g\u00fcl\u00fc\u015fler sa\u011flamak i\u00e7in \u00f6zenle kullan\u0131l\u0131r. IPS E-Max seramik, \u00fcst\u00fcn dayan\u0131kl\u0131l\u0131\u011f\u0131 ve do\u011fal esteti\u011fi ile di\u011fer restorasyon malzemelerinden ayr\u0131l\u0131r. Di\u015f hekimli\u011fi uygulamalar\u0131nda kullan\u0131lan IPS E-Max seramik, tamamen metal i\u00e7ermeyen bir yap\u0131ya sahiptir. Bu, \u0131\u015f\u0131\u011f\u0131n seramik y\u00fczeylerden t\u0131pk\u0131 do\u011fal di\u015flerde oldu\u011fu gibi ge\u00e7mesine olanak tan\u0131r. Bu, tedavi edilen di\u015flerin do\u011fal di\u015flerle neredeyse fark edilmeyecek \u015fekilde b\u00fct\u00fcnle\u015fmesini sa\u011flar. Y\u00fcksek estetik ve do\u011fal bir g\u00f6r\u00fcn\u00fcm sunan bu \u00f6zel seramik malzeme, uzun \u00f6m\u00fcrl\u00fc kalite vaat ederek hastalar\u0131n uzun s\u00fcre kullanmas\u0131na olanak tan\u0131r. Ayr\u0131ca, geni\u015f renk yelpazesi, hastalar\u0131n di\u015flerinin do\u011fal rengine en uygun tonu se\u00e7melerine olanak tan\u0131r. IPS E-Max seramik ayr\u0131ca insan v\u00fccuduyla uyumlulu\u011fu ile de \u00f6ne \u00e7\u0131kar ve hastalar i\u00e7in g\u00fcvenilir bir se\u00e7enektir.<\/h3><\/div><\/div><\/div><\/div><\/div><div class=\"fusion-fullwidth fullwidth-box fusion-builder-row-3 fusion-flex-container nonhundred-percent-fullwidth non-hundred-percent-height-scrolling\" style=\"--awb-border-radius-top-left:0px;--awb-border-radius-top-right:0px;--awb-border-radius-bottom-right:0px;--awb-border-radius-bottom-left:0px;--awb-padding-top:0px;--awb-margin-bottom:3%;--awb-flex-wrap:wrap;\" ><div class=\"fusion-builder-row fusion-row fusion-flex-align-items-center fusion-flex-content-wrap\" style=\"max-width:1404px;margin-left: calc(-4% \/ 2 );margin-right: calc(-4% \/ 2 );\"><div class=\"fusion-layout-column fusion_builder_column fusion-builder-column-3 fusion_builder_column_1_1 1_1 fusion-flex-column fusion-animated\" style=\"--awb-bg-size:cover;--awb-width-large:100%;--awb-margin-top-large:0px;--awb-spacing-right-large:1.92%;--awb-margin-bottom-large:20px;--awb-spacing-left-large:2.976%;--awb-width-medium:100%;--awb-spacing-right-medium:1.92%;--awb-spacing-left-medium:5.76%;--awb-width-small:100%;--awb-spacing-right-small:1.92%;--awb-margin-bottom-small:30px;--awb-spacing-left-small:1.92%;\" data-animationType=\"fadeInRight\" data-animationDuration=\"1.0\" data-animationOffset=\"top-into-view\"><div class=\"fusion-column-wrapper fusion-column-has-shadow fusion-flex-justify-content-flex-start fusion-content-layout-column\"><div class=\"fusion-title title fusion-title-4 fusion-sep-none fusion-title-text fusion-title-size-two\" style=\"--awb-text-color:var(--awb-color5);--awb-margin-bottom:1em;--awb-font-size:30px;\"><h2 class=\"fusion-title-heading title-heading-left fusion-responsive-typography-calculated\" style=\"margin:0;font-size:1em;--fontSize:30;line-height:var(--awb-typography1-line-height);\">E Max kaplamalar hangi durumlarda uygulan\u0131r?<\/h2><\/div><div class=\"fusion-title title fusion-title-5 fusion-sep-none fusion-title-text fusion-title-size-three\" style=\"--awb-font-size:20px;\"><h3 class=\"fusion-title-heading title-heading-left fusion-responsive-typography-calculated\" style=\"margin:0;font-size:1em;--fontSize:20;line-height:1.35;\">E-Max porselen kaplamalar, \u00e7e\u015fitli di\u015f problemlerine kar\u015f\u0131 etkili ve estetik a\u00e7\u0131dan ho\u015f sonu\u00e7lar sunan modern bir di\u015f tedavi se\u00e7ene\u011fidir. Bu kaplamalar sayesinde sararm\u0131\u015f di\u015fler eski g\u00f6r\u00fcn\u00fcmlerini geride b\u0131rakarak \u015feffaf ve dayan\u0131kl\u0131 yap\u0131lar\u0131yla do\u011fal bir estetik kazan\u0131r. Estetik d\u00fczeltmeler i\u00e7in tercih edilen E-Max porselen kaplamalar, \u00f6zellikle \u00f6n b\u00f6lgedeki e\u011fri di\u015flerin \u015feklini ve yap\u0131s\u0131n\u0131 geri kazand\u0131rmada ba\u015far\u0131l\u0131 sonu\u00e7lar elde eder. Bu sayede g\u00fcl\u00fc\u015f esteti\u011fi tasar\u0131mlar\u0131 optimize edilir ve hasta memnuniyeti sa\u011flan\u0131r. K\u00f6k kanal tedavisi g\u00f6rm\u00fc\u015f di\u015fler genellikle k\u0131r\u0131lganl\u0131k riski ta\u015f\u0131r ve hassas bir yap\u0131ya sahiptir. Estetik beklentilerin yan\u0131 s\u0131ra, E-Max porselen kaplamalar bu t\u00fcr k\u00f6k kanallar\u0131n\u0131n ve zay\u0131f di\u015flerin onar\u0131m\u0131nda etkili bir se\u00e7enek olarak \u00f6ne \u00e7\u0131kar. Ayr\u0131ca, yayg\u0131n \u00e7\u00fcr\u00fck veya travma sonucu k\u0131r\u0131lan di\u015fler de E-Max di\u015f porselen kaplamalar\u0131yla ba\u015far\u0131l\u0131 bir \u015fekilde tedavi edilebilir. Bu kaplamalar, sa\u011flam ve dayan\u0131kl\u0131 yap\u0131lar\u0131yla k\u0131r\u0131k di\u015flerin eski fonksiyonunu ve esteti\u011fini geri kazand\u0131rmak i\u00e7in etkili bir \u00e7\u00f6z\u00fcm sunar.<\/h3><\/div><\/div><\/div><\/div><\/div><div class=\"fusion-fullwidth fullwidth-box fusion-builder-row-4 fusion-flex-container nonhundred-percent-fullwidth non-hundred-percent-height-scrolling\" style=\"--awb-border-radius-top-left:0px;--awb-border-radius-top-right:0px;--awb-border-radius-bottom-right:0px;--awb-border-radius-bottom-left:0px;--awb-padding-top:0px;--awb-margin-bottom:3%;--awb-flex-wrap:wrap;\" ><div class=\"fusion-builder-row fusion-row fusion-flex-align-items-center fusion-flex-content-wrap\" style=\"max-width:1404px;margin-left: calc(-4% \/ 2 );margin-right: calc(-4% \/ 2 );\"><div class=\"fusion-layout-column fusion_builder_column fusion-builder-column-4 fusion_builder_column_1_1 1_1 fusion-flex-column fusion-animated\" style=\"--awb-bg-size:cover;--awb-width-large:100%;--awb-margin-top-large:0px;--awb-spacing-right-large:1.92%;--awb-margin-bottom-large:20px;--awb-spacing-left-large:2.976%;--awb-width-medium:100%;--awb-spacing-right-medium:1.92%;--awb-spacing-left-medium:5.76%;--awb-width-small:100%;--awb-spacing-right-small:1.92%;--awb-margin-bottom-small:30px;--awb-spacing-left-small:1.92%;\" data-animationType=\"fadeInRight\" data-animationDuration=\"1.0\" data-animationOffset=\"top-into-view\"><div class=\"fusion-column-wrapper fusion-column-has-shadow fusion-flex-justify-content-flex-start fusion-content-layout-column\"><div class=\"fusion-title title fusion-title-6 fusion-sep-none fusion-title-text fusion-title-size-two\" style=\"--awb-text-color:var(--awb-color5);--awb-margin-bottom:1em;--awb-font-size:30px;\"><h2 class=\"fusion-title-heading title-heading-left fusion-responsive-typography-calculated\" style=\"margin:0;font-size:1em;--fontSize:30;line-height:var(--awb-typography1-line-height);\">E-Max Kaplamalar\u0131n Avantajlar\u0131<\/h2><\/div><div class=\"fusion-title title fusion-title-7 fusion-sep-none fusion-title-text fusion-title-size-three\" style=\"--awb-font-size:20px;\"><h3 class=\"fusion-title-heading title-heading-left fusion-responsive-typography-calculated\" style=\"margin:0;font-size:1em;--fontSize:20;line-height:1.35;\">E-Max kaplamalar estetik g\u00f6r\u00fcn\u00fcmleriyle \u00f6ne \u00e7\u0131k\u0131yor. Ayn\u0131 zamanda, metal i\u00e7ermemesi alerjik reaksiyon riskini ortadan kald\u0131rarak \u00f6nemli bir avantaj sa\u011fl\u0131yor. Bu \u00f6zellikleriyle, di\u015f etlerinde ve di\u015f kenarlar\u0131nda olu\u015fabilecek morumsu renk de\u011fi\u015fimini en aza indiriyor. Ek olarak, E-Max kaplamalar di\u015f yap\u0131s\u0131na zarar vermeden kullan\u0131labilme olana\u011f\u0131 sunuyor. \u0130\u00e7eriklerindeki maddeler di\u015flerle en uyumlu yap\u0131lar aras\u0131nda yer al\u0131yor, b\u00f6ylece di\u015f sa\u011fl\u0131\u011f\u0131n\u0131 korurken ayn\u0131 zamanda do\u011fal yap\u0131y\u0131 destekliyor. E-Max kaplamalar \u0131\u015f\u0131k ge\u00e7irgenli\u011fi sayesinde mat bir g\u00f6r\u00fcn\u00fcm olu\u015fmas\u0131n\u0131 \u00f6nlerken, geni\u015f renk se\u00e7enekleri kullan\u0131c\u0131ya esneklik sa\u011fl\u0131yor. P\u00fcr\u00fczs\u00fcz ve kaygan yap\u0131s\u0131yla di\u015f hassasiyetini en aza indiriyor. Kaygan y\u00fczeyi sayesinde neredeyse tamamen di\u015f ta\u015f\u0131 olu\u015fumunu \u00f6nl\u00fcyor ve di\u015f eti hastal\u0131\u011f\u0131 riskini azalt\u0131yor. Bu \u00f6zellikleriyle E-Max kaplamalar estetik ve fonksiyonel bir di\u015f malzemesi olarak \u00f6nemli bir yere sahip. E-Max kaplamalar hakk\u0131nda daha fazla bilgi i\u00e7in di\u015f hekimlerimizle ileti\u015fime ge\u00e7ebilirsiniz.<\/h3><\/div><\/div><\/div><\/div><\/div><div class=\"fusion-fullwidth fullwidth-box fusion-builder-row-5 fusion-flex-container nonhundred-percent-fullwidth non-hundred-percent-height-scrolling\" style=\"--awb-border-radius-top-left:0px;--awb-border-radius-top-right:0px;--awb-border-radius-bottom-right:0px;--awb-border-radius-bottom-left:0px;--awb-padding-top:0px;--awb-margin-bottom:3%;--awb-flex-wrap:wrap;\" ><div class=\"fusion-builder-row fusion-row fusion-flex-align-items-center fusion-flex-content-wrap\" style=\"max-width:1404px;margin-left: calc(-4% \/ 2 );margin-right: calc(-4% \/ 2 );\"><div class=\"fusion-layout-column fusion_builder_column fusion-builder-column-5 fusion_builder_column_1_1 1_1 fusion-flex-column fusion-animated\" style=\"--awb-bg-size:cover;--awb-width-large:100%;--awb-margin-top-large:0px;--awb-spacing-right-large:1.92%;--awb-margin-bottom-large:20px;--awb-spacing-left-large:2.976%;--awb-width-medium:100%;--awb-spacing-right-medium:1.92%;--awb-spacing-left-medium:5.76%;--awb-width-small:100%;--awb-spacing-right-small:1.92%;--awb-margin-bottom-small:30px;--awb-spacing-left-small:1.92%;\" data-animationType=\"fadeInRight\" data-animationDuration=\"1.0\" data-animationOffset=\"top-into-view\"><div class=\"fusion-column-wrapper fusion-column-has-shadow fusion-flex-justify-content-flex-start fusion-content-layout-column\"><div class=\"fusion-title title fusion-title-8 fusion-sep-none fusion-title-text fusion-title-size-three\" style=\"--awb-font-size:20px;\"><h3 class=\"fusion-title-heading title-heading-left fusion-responsive-typography-calculated\" style=\"margin:0;font-size:1em;--fontSize:20;line-height:1.35;\">E-Max kaplamalar\u0131n fiyatlar\u0131 genellikle uygulanacak di\u015f say\u0131s\u0131, bireyin tercihleri, kullan\u0131lacak malzemenin kalitesi ve olas\u0131 ek di\u015f tedavileri gibi de\u011fi\u015fkenlere ba\u011fl\u0131 olarak de\u011fi\u015fmektedir. Bu nedenle, en do\u011fru ve g\u00fcncel bilgilere ula\u015fmak i\u00e7in ilk muayeneden sonra uzman di\u015f hekimlerimizden biriyle ileti\u015fime ge\u00e7meniz faydal\u0131 olacakt\u0131r. E-Max di\u015f yap\u0131m teknolojisi, k\u0131sa s\u00fcrede do\u011fal ve estetik bir g\u00f6r\u00fcn\u00fcm elde etmenizi sa\u011flar. Bu sayede, estetik memnuniyet sa\u011flarken uzun vadeli bir \u00e7\u00f6z\u00fcm elde etmek m\u00fcmk\u00fcnd\u00fcr.<\/h3><\/div><\/div><\/div><\/div><\/div><\/p>\n","protected":false},"excerpt":{"rendered":"","protected":false},"author":1,"featured_media":0,"parent":2048,"menu_order":0,"comment_status":"closed","ping_status":"closed","template":"100-width.php","meta":{"footnotes":""},"class_list":["post-2074","page","type-page","status-publish","hentry"],"_links":{"self":[{"href":"https:\/\/adentturkey.com\/tr\/wp-json\/wp\/v2\/pages\/2074","targetHints":{"allow":["GET"]}}],"collection":[{"href":"https:\/\/adentturkey.com\/tr\/wp-json\/wp\/v2\/pages"}],"about":[{"href":"https:\/\/adentturkey.com\/tr\/wp-json\/wp\/v2\/types\/page"}],"author":[{"embeddable":true,"href":"https:\/\/adentturkey.com\/tr\/wp-json\/wp\/v2\/users\/1"}],"replies":[{"embeddable":true,"href":"https:\/\/adentturkey.com\/tr\/wp-json\/wp\/v2\/comments?post=2074"}],"version-history":[{"count":2,"href":"https:\/\/adentturkey.com\/tr\/wp-json\/wp\/v2\/pages\/2074\/revisions"}],"predecessor-version":[{"id":2159,"href":"https:\/\/adentturkey.com\/tr\/wp-json\/wp\/v2\/pages\/2074\/revisions\/2159"}],"up":[{"embeddable":true,"href":"https:\/\/adentturkey.com\/tr\/wp-json\/wp\/v2\/pages\/2048"}],"wp:attachment":[{"href":"https:\/\/adentturkey.com\/tr\/wp-json\/wp\/v2\/media?parent=2074"}],"curies":[{"name":"wp","href":"https:\/\/api.w.org\/{rel}","templated":true}]}}