{"id":941,"date":"2020-03-12T15:40:57","date_gmt":"2020-03-12T15:40:57","guid":{"rendered":"https:\/\/avadawebsites.wpengine.com\/videographer\/?page_id=941"},"modified":"2026-03-07T05:43:37","modified_gmt":"2026-03-07T05:43:37","slug":"about","status":"publish","type":"page","link":"https:\/\/adentturkey.com\/de\/about\/","title":{"rendered":"\u00dcber uns"},"content":{"rendered":"<p><div class=\"fusion-fullwidth fullwidth-box fusion-builder-row-1 fusion-flex-container nonhundred-percent-fullwidth non-hundred-percent-height-scrolling\" style=\"--awb-border-radius-top-left:0px;--awb-border-radius-top-right:0px;--awb-border-radius-bottom-right:0px;--awb-border-radius-bottom-left:0px;--awb-padding-top:0px;--awb-margin-bottom:8%;--awb-flex-wrap:wrap;\" ><div class=\"fusion-builder-row fusion-row fusion-flex-align-items-center fusion-flex-content-wrap\" style=\"max-width:1404px;margin-left: calc(-4% \/ 2 );margin-right: calc(-4% \/ 2 );\"><div class=\"fusion-layout-column fusion_builder_column fusion-builder-column-0 fusion_builder_column_1_1 1_1 fusion-flex-column fusion-animated\" style=\"--awb-bg-size:cover;--awb-width-large:100%;--awb-margin-top-large:0px;--awb-spacing-right-large:1.92%;--awb-margin-bottom-large:20px;--awb-spacing-left-large:2.976%;--awb-width-medium:100%;--awb-spacing-right-medium:1.92%;--awb-spacing-left-medium:5.76%;--awb-width-small:100%;--awb-spacing-right-small:1.92%;--awb-margin-bottom-small:30px;--awb-spacing-left-small:1.92%;\" data-animationType=\"fadeInRight\" data-animationDuration=\"1.0\" data-animationOffset=\"top-into-view\"><div class=\"fusion-column-wrapper fusion-column-has-shadow fusion-flex-justify-content-flex-start fusion-content-layout-column\"><div class=\"fusion-title title fusion-title-1 fusion-sep-none fusion-title-text fusion-title-size-two\" style=\"--awb-text-color:var(--awb-color5);--awb-margin-bottom:1em;--awb-font-size:3em;\"><h2 class=\"fusion-title-heading title-heading-left fusion-responsive-typography-calculated\" style=\"margin:0;font-size:1em;--fontSize:54;line-height:var(--awb-typography1-line-height);\">Willkommen in der A-Dent Klinik<\/h2><\/div><div class=\"fusion-title title fusion-title-2 fusion-sep-none fusion-title-text fusion-title-size-three\" style=\"--awb-font-size:20px;\"><h3 class=\"fusion-title-heading title-heading-left fusion-responsive-typography-calculated\" style=\"margin:0;font-size:1em;--fontSize:20;line-height:1.35;\">Bei A-dent m\u00f6chten wir, dass Sie hochwertige zahn\u00e4rztliche Versorgung in einer freundlichen, modernen und entspannten Umgebung erleben. Unsere Philosophie ist es, gesunde, sch\u00f6ne und nat\u00fcrlich aussehende L\u00e4cheln zu erreichen und zu erhalten. Unser erfahrenes, professionelles und einf\u00fchlsames Team hat immer das Ziel, Ihren Besuch angenehm zu gestalten. Wir bieten f\u00fcr alle erschwingliche private Zahnversorgung an. Unsere Gr\u00fcnderin Dr. Ay\u00e7a Hoyi hat an der Universit\u00e4t Ankara studiert und betreut seit \u00fcber 25 Jahren Patienten in der Region Antalya. Wir bieten eine Reihe von allgemeinen und kosmetischen Behandlungen an, darunter: Zahnimplantatbehandlung, Kinderzahnheilkunde, kosmetische Zahnheilkunde, restaurative Zahnheilkunde, chirurgische Zahnheilkunde, Kieferorthop\u00e4die, Zahnfleischbehandlung, wei\u00dfe F\u00fcllungen, Wurzelkanalbehandlung, Prothesen, Veneers\/Kronen\/Br\u00fccken, Zahnauf<\/h3><\/div><\/div><\/div><\/div><\/div><div class=\"fusion-fullwidth fullwidth-box fusion-builder-row-2 fusion-flex-container fusion-parallax-none nonhundred-percent-fullwidth non-hundred-percent-height-scrolling lazyload\" style=\"--awb-border-radius-top-left:0px;--awb-border-radius-top-right:0px;--awb-border-radius-bottom-right:0px;--awb-border-radius-bottom-left:0px;--awb-padding-top:2%;--awb-padding-bottom:3%;--awb-margin-bottom:2%;--awb-background-image:linear-gradient(180deg, #030303 10%,rgba(3,3,3,0.6) 80%);;--awb-background-size:cover;--awb-flex-wrap:wrap;\" data-bg=\"https:\/\/adentturkey.com\/de\/wp-content\/uploads\/2025\/11\/adentclinic.webp\" data-bg-gradient=\"linear-gradient(180deg, #030303 10%,rgba(3,3,3,0.6) 80%)\" ><div class=\"fusion-builder-row fusion-row fusion-flex-align-items-flex-start fusion-flex-justify-content-center fusion-flex-content-wrap\" style=\"max-width:calc( 1350px + 0px );margin-left: calc(-0px \/ 2 );margin-right: calc(-0px \/ 2 );\"><div class=\"fusion-layout-column fusion_builder_column fusion-builder-column-1 fusion_builder_column_1_3 1_3 fusion-flex-column\" style=\"--awb-bg-size:cover;--awb-width-large:33.333333333333%;--awb-margin-top-large:0px;--awb-spacing-right-large:19px;--awb-margin-bottom-large:20px;--awb-spacing-left-large:16px;--awb-width-medium:100%;--awb-order-medium:0;--awb-spacing-right-medium:0px;--awb-spacing-left-medium:0px;--awb-width-small:100%;--awb-order-small:0;--awb-spacing-right-small:0px;--awb-spacing-left-small:0px;\"><div class=\"fusion-column-wrapper fusion-column-has-shadow fusion-flex-justify-content-flex-start fusion-content-layout-column\"><div class=\"fusion-text fusion-text-1\"><h3 style=\"text-align: center; --fontSize: 28; line-height: 1.2;\" data-fontsize=\"28\" data-lineheight=\"33.6px\" class=\"fusion-responsive-typography-calculated\">Helles L\u00e4cheln, Fachkundige Pflege<\/h3>\n<p style=\"text-align: center; color: var(--awb-color1);\">Wir bieten umfassende zahn\u00e4rztliche Dienstleistungen an und haben ein Expertenteam, das eine breite Palette von Behandlungsoptionen, einschlie\u00dflich kosmetischer Zahnheilkunde und Zahnaufhellung, anbieten kann.<\/p>\n<\/div><\/div><\/div><div class=\"fusion-layout-column fusion_builder_column fusion-builder-column-2 fusion_builder_column_1_3 1_3 fusion-flex-column\" style=\"--awb-bg-size:cover;--awb-width-large:33.333333333333%;--awb-margin-top-large:0px;--awb-spacing-right-large:19px;--awb-margin-bottom-large:20px;--awb-spacing-left-large:16px;--awb-width-medium:100%;--awb-order-medium:0;--awb-spacing-right-medium:0px;--awb-spacing-left-medium:0px;--awb-width-small:100%;--awb-order-small:0;--awb-spacing-right-small:0px;--awb-spacing-left-small:0px;\"><div class=\"fusion-column-wrapper fusion-column-has-shadow fusion-flex-justify-content-flex-start fusion-content-layout-column\"><div class=\"fusion-text fusion-text-2\"><h3 style=\"text-align: center; color: var(--awb-color1); --fontSize: 28; line-height: 1.2;\" data-fontsize=\"28\" data-lineheight=\"33.6px\" class=\"fusion-responsive-typography-calculated\">Eine Klinik mit entspannender Atmosph\u00e4re<\/h3>\n<p style=\"text-align: center; color: var(--awb-color1);\">Unsere Klinik ist darauf ausgelegt, eine entspannende Atmosph\u00e4re zu schaffen, und unser Ziel ist es, die angenehmste Erfahrung zu bieten.<\/p>\n<\/div><\/div><\/div><div class=\"fusion-layout-column fusion_builder_column fusion-builder-column-3 fusion_builder_column_1_3 1_3 fusion-flex-column\" style=\"--awb-bg-size:cover;--awb-width-large:33.333333333333%;--awb-margin-top-large:0px;--awb-spacing-right-large:19px;--awb-margin-bottom-large:20px;--awb-spacing-left-large:16px;--awb-width-medium:100%;--awb-order-medium:0;--awb-spacing-right-medium:0px;--awb-spacing-left-medium:0px;--awb-width-small:100%;--awb-order-small:0;--awb-spacing-right-small:0px;--awb-spacing-left-small:0px;\"><div class=\"fusion-column-wrapper fusion-column-has-shadow fusion-flex-justify-content-flex-start fusion-content-layout-column\"><div class=\"fusion-text fusion-text-3\"><h3 style=\"text-align: center; color: var(--awb-color1); --fontSize: 28; line-height: 1.2;\" data-fontsize=\"28\" data-lineheight=\"33.6px\" class=\"fusion-responsive-typography-calculated\">Hygiene hat bei uns oberste Priorit\u00e4t!<\/h3>\n<p style=\"text-align: center; color: var(--awb-color1);\">Wir halten die h\u00f6chsten Hygienestandards ein und ergreifen alle notwendigen Vorsichtsma\u00dfnahmen, um Patienten und Mitarbeiter vor Kreuzinfektionen zu sch\u00fctzen.<\/p>\n<\/div><\/div><\/div><div class=\"fusion-layout-column fusion_builder_column fusion-builder-column-4 fusion_builder_column_1_1 1_1 fusion-flex-column\" style=\"--awb-bg-size:cover;--awb-width-large:100%;--awb-margin-top-large:0px;--awb-spacing-right-large:19px;--awb-margin-bottom-large:20px;--awb-spacing-left-large:16px;--awb-width-medium:100%;--awb-order-medium:0;--awb-spacing-right-medium:0px;--awb-spacing-left-medium:0px;--awb-width-small:100%;--awb-order-small:0;--awb-spacing-right-small:0px;--awb-spacing-left-small:0px;\"><div class=\"fusion-column-wrapper fusion-column-has-shadow fusion-flex-justify-content-flex-start fusion-content-layout-column\"><div class=\"fusion-text fusion-text-4\"><h3 style=\"text-align: center; color: var(--awb-color1); --fontSize: 28; line-height: 1.2;\" data-fontsize=\"28\" data-lineheight=\"33.6px\" class=\"fusion-responsive-typography-calculated\">Hochqualifizierte Zahn\u00e4rzte<\/h3>\n<p style=\"color: var(--awb-color1);\">Unsere hochqualifizierten Zahn\u00e4rzte sind erfahrene Fachleute auf ihrem jeweiligen Gebiet. Jeder Zahnarzt bem\u00fcht sich kontinuierlich, die neuesten Behandlungsmethoden f\u00fcr unsere Patienten zu verbessern und umzusetzen. Mit Hingabe, Sorgfalt und Empathie arbeiten unsere Zahn\u00e4rzte flei\u00dfig daran, Ihre Zufriedenheit zu gew\u00e4hrleisten und Ihnen die bestm\u00f6gliche Betreuung zu bieten. Sie k\u00f6nnen unseren erfahrenen Zahn\u00e4rzten bei a-dent vertrauen, dass sie Ihre Gesundheit priorisieren und Ihr L\u00e4cheln mit erstklassigen Dienstleistungen wiederherstellen.<\/p>\n<\/div><\/div><\/div><\/div><\/div><div class=\"fusion-fullwidth fullwidth-box fusion-builder-row-3 fusion-flex-container nonhundred-percent-fullwidth non-hundred-percent-height-scrolling\" style=\"--awb-border-radius-top-left:0px;--awb-border-radius-top-right:0px;--awb-border-radius-bottom-right:0px;--awb-border-radius-bottom-left:0px;--awb-padding-top:2%;--awb-padding-bottom:3%;--awb-margin-bottom:2%;--awb-background-image:linear-gradient(180deg, #030303 10%,rgba(3,3,3,0.6) 80%);--awb-flex-wrap:wrap;\" ><div class=\"fusion-builder-row fusion-row fusion-flex-align-items-flex-start fusion-flex-justify-content-center fusion-flex-content-wrap\" style=\"max-width:calc( 1350px + 0px );margin-left: calc(-0px \/ 2 );margin-right: calc(-0px \/ 2 );\"><div class=\"fusion-layout-column fusion_builder_column fusion-builder-column-5 fusion_builder_column_1_1 1_1 fusion-flex-column\" style=\"--awb-bg-size:cover;--awb-width-large:100%;--awb-margin-top-large:0px;--awb-spacing-right-large:19px;--awb-margin-bottom-large:20px;--awb-spacing-left-large:16px;--awb-width-medium:100%;--awb-order-medium:0;--awb-spacing-right-medium:0px;--awb-spacing-left-medium:0px;--awb-width-small:100%;--awb-order-small:0;--awb-spacing-right-small:0px;--awb-spacing-left-small:0px;\"><div class=\"fusion-column-wrapper fusion-column-has-shadow fusion-flex-justify-content-flex-start fusion-content-layout-column\"><div class=\"fusion-text fusion-text-5\"><h3 style=\"text-align: center; color: var(--awb-color1); --fontSize: 28; line-height: 1.2;\" data-fontsize=\"28\" data-lineheight=\"33.6px\" class=\"fusion-responsive-typography-calculated\">Unsere \u00c4rzte<\/h3>\n<\/div><\/div><\/div><div class=\"fusion-layout-column fusion_builder_column fusion-builder-column-6 fusion_builder_column_1_4 1_4 fusion-flex-column\" style=\"--awb-padding-top:284px;--awb-padding-bottom:3px;--awb-bg-position:center top;--awb-bg-size:cover;--awb-width-large:25%;--awb-margin-top-large:0px;--awb-spacing-right-large:19px;--awb-margin-bottom-large:20px;--awb-spacing-left-large:16px;--awb-width-medium:100%;--awb-order-medium:0;--awb-spacing-right-medium:0px;--awb-spacing-left-medium:0px;--awb-width-small:100%;--awb-order-small:0;--awb-spacing-right-small:0px;--awb-spacing-left-small:0px;\"><div class=\"fusion-column-wrapper lazyload fusion-column-has-shadow fusion-flex-justify-content-flex-start fusion-content-layout-column fusion-column-has-bg-image\" data-bg-url=\"https:\/\/adentturkey.com\/de\/wp-content\/uploads\/2025\/12\/ayca-hoyi.jpg\" data-bg=\"https:\/\/adentturkey.com\/de\/wp-content\/uploads\/2025\/12\/ayca-hoyi.jpg\"><div class=\"fusion-text fusion-text-6\"><h3 style=\"text-align: center;\"><b style=\"color: var(--awb-color1);\">Ay\u00e7a Hoyi<\/b><\/h3>\n<p style=\"text-align: center; color: var(--awb-color1);\">Verantwortlicher Manager \/ Gr\u00fcnder<\/p>\n<\/div><\/div><\/div><div class=\"fusion-layout-column fusion_builder_column fusion-builder-column-7 fusion_builder_column_1_4 1_4 fusion-flex-column\" style=\"--awb-padding-top:284px;--awb-padding-bottom:3px;--awb-bg-position:center top;--awb-bg-size:cover;--awb-width-large:25%;--awb-margin-top-large:0px;--awb-spacing-right-large:19px;--awb-margin-bottom-large:20px;--awb-spacing-left-large:16px;--awb-width-medium:100%;--awb-order-medium:0;--awb-spacing-right-medium:0px;--awb-spacing-left-medium:0px;--awb-width-small:100%;--awb-order-small:0;--awb-spacing-right-small:0px;--awb-spacing-left-small:0px;\"><div class=\"fusion-column-wrapper lazyload fusion-column-has-shadow fusion-flex-justify-content-flex-start fusion-content-layout-column fusion-column-has-bg-image\" data-bg-url=\"https:\/\/adentturkey.com\/de\/wp-content\/uploads\/2025\/12\/goksuemekkayafoglu.jpeg\" data-bg=\"https:\/\/adentturkey.com\/de\/wp-content\/uploads\/2025\/12\/goksuemekkayafoglu.jpeg\"><div class=\"fusion-text fusion-text-7\"><h3 style=\"text-align: center;\">G\u00f6ksu Emek Kayafoglu<\/h3>\n<p style=\"text-align: center; color: var(--awb-color1);\">Kieferorthop\u00e4de<\/p>\n<\/div><\/div><\/div><div class=\"fusion-layout-column fusion_builder_column fusion-builder-column-8 fusion_builder_column_1_4 1_4 fusion-flex-column\" style=\"--awb-padding-top:284px;--awb-padding-bottom:3px;--awb-bg-position:center top;--awb-bg-size:cover;--awb-width-large:25%;--awb-margin-top-large:0px;--awb-spacing-right-large:19px;--awb-margin-bottom-large:20px;--awb-spacing-left-large:16px;--awb-width-medium:100%;--awb-order-medium:0;--awb-spacing-right-medium:0px;--awb-spacing-left-medium:0px;--awb-width-small:100%;--awb-order-small:0;--awb-spacing-right-small:0px;--awb-spacing-left-small:0px;\"><div class=\"fusion-column-wrapper lazyload fusion-column-has-shadow fusion-flex-justify-content-flex-start fusion-content-layout-column fusion-column-has-bg-image\" data-bg-url=\"https:\/\/adentturkey.com\/de\/wp-content\/uploads\/2025\/12\/mehmet-ilker-ates.webp\" data-bg=\"https:\/\/adentturkey.com\/de\/wp-content\/uploads\/2025\/12\/mehmet-ilker-ates.webp\"><div class=\"fusion-text fusion-text-8\"><h3 style=\"text-align: center;\">Mehmet \u0130lker Ate\u015f<\/h3>\n<p style=\"text-align: center; color: var(--awb-color1);\">\u00c4sthetischer Zahnarzt<\/p>\n<\/div><\/div><\/div><div class=\"fusion-layout-column fusion_builder_column fusion-builder-column-9 fusion_builder_column_1_4 1_4 fusion-flex-column\" style=\"--awb-padding-top:284px;--awb-padding-bottom:3px;--awb-bg-position:center top;--awb-bg-size:cover;--awb-width-large:25%;--awb-margin-top-large:0px;--awb-spacing-right-large:19px;--awb-margin-bottom-large:20px;--awb-spacing-left-large:16px;--awb-width-medium:100%;--awb-order-medium:0;--awb-spacing-right-medium:0px;--awb-spacing-left-medium:0px;--awb-width-small:100%;--awb-order-small:0;--awb-spacing-right-small:0px;--awb-spacing-left-small:0px;\"><div class=\"fusion-column-wrapper lazyload fusion-column-has-shadow fusion-flex-justify-content-flex-start fusion-content-layout-column fusion-column-has-bg-image\" data-bg-url=\"https:\/\/adentturkey.com\/de\/wp-content\/uploads\/2026\/02\/bengu-kar.jpg\" data-bg=\"https:\/\/adentturkey.com\/de\/wp-content\/uploads\/2026\/02\/bengu-kar.jpg\"><div class=\"fusion-text fusion-text-9\"><h3 style=\"text-align: center;\">Beng\u00fc Kar<\/h3>\n<p style=\"text-align: center; color: var(--awb-color1);\">\u00c4sthetischer Zahnarzt<\/p>\n<\/div><\/div><\/div><div class=\"fusion-layout-column fusion_builder_column fusion-builder-column-10 fusion_builder_column_1_1 1_1 fusion-flex-column\" style=\"--awb-bg-size:cover;--awb-width-large:100%;--awb-margin-top-large:0px;--awb-spacing-right-large:19px;--awb-margin-bottom-large:20px;--awb-spacing-left-large:16px;--awb-width-medium:100%;--awb-order-medium:0;--awb-spacing-right-medium:0px;--awb-spacing-left-medium:0px;--awb-width-small:100%;--awb-order-small:0;--awb-spacing-right-small:0px;--awb-spacing-left-small:0px;\"><div class=\"fusion-column-wrapper fusion-column-has-shadow fusion-flex-justify-content-flex-start fusion-content-layout-column\"><div class=\"fusion-text fusion-text-10\"><h3 style=\"text-align: center; color: var(--awb-color1);\">Our Team<\/h3>\n<\/div><\/div><\/div><div class=\"fusion-layout-column fusion_builder_column fusion-builder-column-11 fusion_builder_column_1_4 1_4 fusion-flex-column\" style=\"--awb-padding-top:284px;--awb-padding-bottom:3px;--awb-bg-position:center top;--awb-bg-size:cover;--awb-width-large:25%;--awb-margin-top-large:0px;--awb-spacing-right-large:19px;--awb-margin-bottom-large:20px;--awb-spacing-left-large:16px;--awb-width-medium:100%;--awb-order-medium:0;--awb-spacing-right-medium:0px;--awb-spacing-left-medium:0px;--awb-width-small:100%;--awb-order-small:0;--awb-spacing-right-small:0px;--awb-spacing-left-small:0px;\"><div class=\"fusion-column-wrapper lazyload fusion-column-has-shadow fusion-flex-justify-content-flex-start fusion-content-layout-column fusion-column-has-bg-image\" data-bg-url=\"https:\/\/adentturkey.com\/de\/wp-content\/uploads\/2025\/12\/neyra-sengul.jpg\" data-bg=\"https:\/\/adentturkey.com\/de\/wp-content\/uploads\/2025\/12\/neyra-sengul.jpg\"><div class=\"fusion-text fusion-text-11\"><h3 style=\"text-align: center;\">Neyra Sengul<\/h3>\n<p style=\"text-align: center; color: var(--awb-color1);\">Regisseur<\/p>\n<\/div><\/div><\/div><div class=\"fusion-layout-column fusion_builder_column fusion-builder-column-12 fusion_builder_column_1_4 1_4 fusion-flex-column\" style=\"--awb-padding-top:284px;--awb-padding-bottom:3px;--awb-bg-position:center top;--awb-bg-size:cover;--awb-width-large:25%;--awb-margin-top-large:0px;--awb-spacing-right-large:19px;--awb-margin-bottom-large:20px;--awb-spacing-left-large:16px;--awb-width-medium:100%;--awb-order-medium:0;--awb-spacing-right-medium:0px;--awb-spacing-left-medium:0px;--awb-width-small:100%;--awb-order-small:0;--awb-spacing-right-small:0px;--awb-spacing-left-small:0px;\"><div class=\"fusion-column-wrapper lazyload fusion-column-has-shadow fusion-flex-justify-content-flex-start fusion-content-layout-column fusion-column-has-bg-image\" data-bg-url=\"https:\/\/adentturkey.com\/de\/wp-content\/uploads\/2026\/03\/zeynep-2.jpg\" data-bg=\"https:\/\/adentturkey.com\/de\/wp-content\/uploads\/2026\/03\/zeynep-2.jpg\"><div class=\"fusion-text fusion-text-12\"><h3 style=\"text-align: center;\">Zeynep \u00d6ng\u00fcn<\/h3>\n<p style=\"text-align: center; color: var(--awb-color1);\">Zahnmedizinische Fachangestellte<\/p>\n<\/div><\/div><\/div><div class=\"fusion-layout-column fusion_builder_column fusion-builder-column-13 fusion_builder_column_1_4 1_4 fusion-flex-column\" style=\"--awb-padding-top:284px;--awb-padding-bottom:3px;--awb-bg-position:center top;--awb-bg-size:cover;--awb-width-large:25%;--awb-margin-top-large:0px;--awb-spacing-right-large:19px;--awb-margin-bottom-large:20px;--awb-spacing-left-large:16px;--awb-width-medium:100%;--awb-order-medium:0;--awb-spacing-right-medium:0px;--awb-spacing-left-medium:0px;--awb-width-small:100%;--awb-order-small:0;--awb-spacing-right-small:0px;--awb-spacing-left-small:0px;\"><div class=\"fusion-column-wrapper lazyload fusion-column-has-shadow fusion-flex-justify-content-flex-start fusion-content-layout-column fusion-column-has-bg-image\" data-bg-url=\"https:\/\/adentturkey.com\/de\/wp-content\/uploads\/2026\/02\/feyza.jpg\" data-bg=\"https:\/\/adentturkey.com\/de\/wp-content\/uploads\/2026\/02\/feyza.jpg\"><div class=\"fusion-text fusion-text-13\"><h3 style=\"text-align: center; --fontSize: 28; line-height: 1.2;\" data-fontsize=\"28\" data-lineheight=\"33.6px\" class=\"fusion-responsive-typography-calculated\">Feyza Y\u0131ld\u0131r\u0131m<\/h3>\n<p style=\"text-align: center; color: var(--awb-color1);\">Patientenkoordinator<\/p>\n<\/div><\/div><\/div><div class=\"fusion-layout-column fusion_builder_column fusion-builder-column-14 fusion_builder_column_1_4 1_4 fusion-flex-column\" style=\"--awb-padding-top:284px;--awb-padding-bottom:3px;--awb-bg-position:center top;--awb-bg-size:cover;--awb-width-large:25%;--awb-margin-top-large:0px;--awb-spacing-right-large:19px;--awb-margin-bottom-large:20px;--awb-spacing-left-large:16px;--awb-width-medium:100%;--awb-order-medium:0;--awb-spacing-right-medium:0px;--awb-spacing-left-medium:0px;--awb-width-small:100%;--awb-order-small:0;--awb-spacing-right-small:0px;--awb-spacing-left-small:0px;\"><div class=\"fusion-column-wrapper lazyload fusion-column-has-shadow fusion-flex-justify-content-flex-start fusion-content-layout-column fusion-column-has-bg-image\" data-bg-url=\"https:\/\/adentturkey.com\/de\/wp-content\/uploads\/2026\/02\/ozlem.jpg\" data-bg=\"https:\/\/adentturkey.com\/de\/wp-content\/uploads\/2026\/02\/ozlem.jpg\"><div class=\"fusion-text fusion-text-14\"><h3 style=\"text-align: center; --fontSize: 28; line-height: 1.2;\" data-fontsize=\"28\" data-lineheight=\"33.6px\" class=\"fusion-responsive-typography-calculated\">\u00d6zlem K\u0131l\u0131n\u00e7 <\/h3>\n<p style=\"text-align: center; color: var(--awb-color1);\">Zahnmedizinische Fachangestellte<\/p>\n<\/div><\/div><\/div><div class=\"fusion-layout-column fusion_builder_column fusion-builder-column-15 fusion_builder_column_1_4 1_4 fusion-flex-column\" style=\"--awb-padding-top:284px;--awb-padding-bottom:3px;--awb-bg-position:center top;--awb-bg-size:cover;--awb-width-large:25%;--awb-margin-top-large:0px;--awb-spacing-right-large:19px;--awb-margin-bottom-large:20px;--awb-spacing-left-large:16px;--awb-width-medium:100%;--awb-order-medium:0;--awb-spacing-right-medium:0px;--awb-spacing-left-medium:0px;--awb-width-small:100%;--awb-order-small:0;--awb-spacing-right-small:0px;--awb-spacing-left-small:0px;\"><div class=\"fusion-column-wrapper lazyload fusion-column-has-shadow fusion-flex-justify-content-flex-start fusion-content-layout-column fusion-column-has-bg-image\" data-bg-url=\"https:\/\/adentturkey.com\/de\/wp-content\/uploads\/2025\/12\/aysegul-gungor.jpg\" data-bg=\"https:\/\/adentturkey.com\/de\/wp-content\/uploads\/2025\/12\/aysegul-gungor.jpg\"><div class=\"fusion-text fusion-text-15\"><h3 style=\"text-align: center; --fontSize: 28; line-height: 1.2;\" data-fontsize=\"28\" data-lineheight=\"33.6px\" class=\"fusion-responsive-typography-calculated\">Ay\u015feg\u00fcl G\u00fcng\u00f6r <\/h3>\n<p style=\"text-align: center; color: var(--awb-color1);\">Zahnmedizinische Fachangestellte<\/p>\n<\/div><\/div><\/div><div class=\"fusion-layout-column fusion_builder_column fusion-builder-column-16 fusion_builder_column_1_4 1_4 fusion-flex-column\" style=\"--awb-padding-top:284px;--awb-padding-bottom:3px;--awb-bg-position:center top;--awb-bg-size:cover;--awb-width-large:25%;--awb-margin-top-large:0px;--awb-spacing-right-large:19px;--awb-margin-bottom-large:20px;--awb-spacing-left-large:16px;--awb-width-medium:100%;--awb-order-medium:0;--awb-spacing-right-medium:0px;--awb-spacing-left-medium:0px;--awb-width-small:100%;--awb-order-small:0;--awb-spacing-right-small:0px;--awb-spacing-left-small:0px;\"><div class=\"fusion-column-wrapper lazyload fusion-column-has-shadow fusion-flex-justify-content-flex-start fusion-content-layout-column fusion-column-has-bg-image\" data-bg-url=\"https:\/\/adentturkey.com\/de\/wp-content\/uploads\/2025\/12\/sultan-hilalcuhadar.jpeg\" data-bg=\"https:\/\/adentturkey.com\/de\/wp-content\/uploads\/2025\/12\/sultan-hilalcuhadar.jpeg\"><div class=\"fusion-text fusion-text-16\"><h3 style=\"text-align: center; --fontSize: 28; line-height: 1.2;\" data-fontsize=\"28\" data-lineheight=\"33.6px\" class=\"fusion-responsive-typography-calculated\">Sultan Hilal \u00c7uhadar <\/h3>\n<p style=\"text-align: center; color: var(--awb-color1);\">Zahnmedizinische Fachangestellte<\/p>\n<\/div><\/div><\/div><div class=\"fusion-layout-column fusion_builder_column fusion-builder-column-17 fusion_builder_column_1_4 1_4 fusion-flex-column\" style=\"--awb-padding-top:284px;--awb-padding-bottom:3px;--awb-bg-position:center top;--awb-bg-size:cover;--awb-width-large:25%;--awb-margin-top-large:0px;--awb-spacing-right-large:19px;--awb-margin-bottom-large:20px;--awb-spacing-left-large:16px;--awb-width-medium:100%;--awb-order-medium:0;--awb-spacing-right-medium:0px;--awb-spacing-left-medium:0px;--awb-width-small:100%;--awb-order-small:0;--awb-spacing-right-small:0px;--awb-spacing-left-small:0px;\"><div class=\"fusion-column-wrapper lazyload fusion-column-has-shadow fusion-flex-justify-content-flex-start fusion-content-layout-column fusion-column-has-bg-image\" data-bg-url=\"https:\/\/adentturkey.com\/de\/wp-content\/uploads\/2025\/12\/ayse-kaptan.jpeg\" data-bg=\"https:\/\/adentturkey.com\/de\/wp-content\/uploads\/2025\/12\/ayse-kaptan.jpeg\"><div class=\"fusion-text fusion-text-17\"><h3 style=\"text-align: center; --fontSize: 28; line-height: 1.2;\" data-fontsize=\"28\" data-lineheight=\"33.6px\" class=\"fusion-responsive-typography-calculated\">Ay\u015fe Kaptan <\/h3>\n<p style=\"text-align: center; color: var(--awb-color1);\">Reinigungspersonal<\/p>\n<\/div><\/div><\/div><div class=\"fusion-layout-column fusion_builder_column fusion-builder-column-18 fusion_builder_column_1_4 1_4 fusion-flex-column\" style=\"--awb-padding-top:284px;--awb-padding-bottom:3px;--awb-bg-position:center top;--awb-bg-size:cover;--awb-width-large:25%;--awb-margin-top-large:0px;--awb-spacing-right-large:19px;--awb-margin-bottom-large:20px;--awb-spacing-left-large:16px;--awb-width-medium:100%;--awb-order-medium:0;--awb-spacing-right-medium:0px;--awb-spacing-left-medium:0px;--awb-width-small:100%;--awb-order-small:0;--awb-spacing-right-small:0px;--awb-spacing-left-small:0px;\"><div class=\"fusion-column-wrapper lazyload fusion-column-has-shadow fusion-flex-justify-content-flex-start fusion-content-layout-column fusion-column-has-bg-image\" data-bg-url=\"https:\/\/adentturkey.com\/de\/wp-content\/uploads\/2026\/03\/fatime-esercelik.jpg\" data-bg=\"https:\/\/adentturkey.com\/de\/wp-content\/uploads\/2026\/03\/fatime-esercelik.jpg\"><div class=\"fusion-text fusion-text-18\"><h3 style=\"text-align: center; --fontSize: 28; line-height: 1.2;\" data-fontsize=\"28\" data-lineheight=\"33.6px\" class=\"fusion-responsive-typography-calculated\">Fatime Eser\u00e7elik<\/h3>\n<p style=\"text-align: center; color: var(--awb-color1);\">K\u00fcchenchef<\/p>\n<\/div><\/div><\/div><\/div><\/div><\/p>\n","protected":false},"excerpt":{"rendered":"","protected":false},"author":1,"featured_media":0,"parent":0,"menu_order":0,"comment_status":"closed","ping_status":"closed","template":"100-width.php","meta":{"footnotes":""},"class_list":["post-941","page","type-page","status-publish","hentry"],"_links":{"self":[{"href":"https:\/\/adentturkey.com\/de\/wp-json\/wp\/v2\/pages\/941","targetHints":{"allow":["GET"]}}],"collection":[{"href":"https:\/\/adentturkey.com\/de\/wp-json\/wp\/v2\/pages"}],"about":[{"href":"https:\/\/adentturkey.com\/de\/wp-json\/wp\/v2\/types\/page"}],"author":[{"embeddable":true,"href":"https:\/\/adentturkey.com\/de\/wp-json\/wp\/v2\/users\/1"}],"replies":[{"embeddable":true,"href":"https:\/\/adentturkey.com\/de\/wp-json\/wp\/v2\/comments?post=941"}],"version-history":[{"count":6,"href":"https:\/\/adentturkey.com\/de\/wp-json\/wp\/v2\/pages\/941\/revisions"}],"predecessor-version":[{"id":2194,"href":"https:\/\/adentturkey.com\/de\/wp-json\/wp\/v2\/pages\/941\/revisions\/2194"}],"wp:attachment":[{"href":"https:\/\/adentturkey.com\/de\/wp-json\/wp\/v2\/media?parent=941"}],"curies":[{"name":"wp","href":"https:\/\/api.w.org\/{rel}","templated":true}]}}